{"id":6897,"date":"2025-09-03T02:38:00","date_gmt":"2025-09-03T02:38:00","guid":{"rendered":"https:\/\/paciea.de\/?post_type=product&#038;p=6897"},"modified":"2025-09-03T02:55:41","modified_gmt":"2025-09-03T02:55:41","slug":"damen-brille","status":"publish","type":"product","link":"https:\/\/paciea.de\/en\/product\/damen-brille\/","title":{"rendered":"Damen Brille"},"content":{"rendered":"<p><img fetchpriority=\"high\" decoding=\"async\" class=\"alignnone size-medium wp-image-6908\" src=\"https:\/\/paciea.de\/wp-content\/uploads\/2025\/09\/12-320x320.jpg\" alt=\"\" width=\"320\" height=\"320\" srcset=\"https:\/\/paciea.de\/wp-content\/uploads\/2025\/09\/12-320x320.jpg 320w, https:\/\/paciea.de\/wp-content\/uploads\/2025\/09\/12-640x640.jpg 640w, https:\/\/paciea.de\/wp-content\/uploads\/2025\/09\/12-150x150.jpg 150w, https:\/\/paciea.de\/wp-content\/uploads\/2025\/09\/12-768x768.jpg 768w, https:\/\/paciea.de\/wp-content\/uploads\/2025\/09\/12-12x12.jpg 12w, https:\/\/paciea.de\/wp-content\/uploads\/2025\/09\/12-500x500.jpg 500w, https:\/\/paciea.de\/wp-content\/uploads\/2025\/09\/12-800x800.jpg 800w, https:\/\/paciea.de\/wp-content\/uploads\/2025\/09\/12-600x600.jpg 600w, https:\/\/paciea.de\/wp-content\/uploads\/2025\/09\/12-96x96.jpg 96w, https:\/\/paciea.de\/wp-content\/uploads\/2025\/09\/12-40x40.jpg 40w, https:\/\/paciea.de\/wp-content\/uploads\/2025\/09\/12.jpg 1000w\" sizes=\"(max-width: 320px) 100vw, 320px\" \/><\/p>\n<p>Titan Brillen verformen sich nicht, rosten nicht, verursachen keine Hautallergien und sind relativ langlebig.<\/p>\n<p>Der Rahmen der Brille bestehen aus einem flexiblen und leichten Material, das bequem auf dem Gesicht sitzt und eine gute Passform gew\u00e4hrleistet.<\/p>\n<p>Es handelt sich nur um einen Rahmen, ohne Gl\u00e4ser. Sie k\u00f6nnen sich Ihre Wunsch Gl\u00e4ser beim Optiker an die Brille anpassen lassen.<\/p>","protected":false},"excerpt":{"rendered":"<p>Titan Brillen verformen sich nicht, rosten nicht, verursachen keine Hautallergien und sind relativ langlebig. Der Rahmen der Brille bestehen aus einem flexiblen und leichten Material, das bequem auf dem Gesicht<\/p>","protected":false},"featured_media":6906,"comment_status":"open","ping_status":"closed","template":"","meta":[],"product_cat":[212,131,268,262,231,216,228,232,272,253,255,214,267,229,226,202,230,261,203],"product_tag":[126],"class_list":{"0":"post-6897","1":"product","2":"type-product","3":"status-publish","4":"has-post-thumbnail","6":"product_cat-brillenbreiten","7":"product_cat-home-kategorien-damenbrillen","8":"product_cat-damenbrillen-neuheiten","9":"product_cat-damenbrillen-sales","10":"product_cat-eckig","11":"product_cat-form","12":"product_cat-gesichtform","13":"product_cat-herzfoermig","14":"product_cat-home-kategorien","15":"product_cat-material","16":"product_cat-metall","17":"product_cat-mittel","18":"product_cat-neuheiten","19":"product_cat-oval-gesichtform","20":"product_cat-oval","21":"product_cat-ramentyp","22":"product_cat-rund-gesichtform","23":"product_cat-sales","24":"product_cat-vollrand-ramentyp","25":"product_tag-step-product","27":"first","28":"instock","29":"sale","30":"shipping-taxable","31":"purchasable","32":"product-type-variable"},"yoast_head":"<!-- This site is optimized with the Yoast SEO plugin v25.4 - https:\/\/yoast.com\/wordpress\/plugins\/seo\/ -->\n<title>Damen Brille - paciea<\/title>\n<meta name=\"robots\" content=\"index, follow, max-snippet:-1, max-image-preview:large, max-video-preview:-1\" \/>\n<link rel=\"canonical\" href=\"https:\/\/paciea.de\/en\/product\/damen-brille\/\" \/>\n<meta property=\"og:locale\" content=\"en_GB\" \/>\n<meta property=\"og:type\" content=\"article\" \/>\n<meta property=\"og:title\" content=\"Damen Brille - paciea\" \/>\n<meta property=\"og:description\" content=\"Titan Brillen verformen sich nicht, rosten nicht, verursachen keine Hautallergien und sind relativ langlebig. Der Rahmen der Brille bestehen aus einem flexiblen und leichten Material, das bequem auf dem Gesicht\" \/>\n<meta property=\"og:url\" content=\"https:\/\/paciea.de\/en\/product\/damen-brille\/\" \/>\n<meta property=\"og:site_name\" content=\"paciea\" \/>\n<meta property=\"article:modified_time\" content=\"2025-09-03T02:55:41+00:00\" \/>\n<meta property=\"og:image\" content=\"https:\/\/paciea.de\/wp-content\/uploads\/2025\/09\/10.jpg\" \/>\n\t<meta property=\"og:image:width\" content=\"1000\" \/>\n\t<meta property=\"og:image:height\" content=\"1000\" \/>\n\t<meta property=\"og:image:type\" content=\"image\/jpeg\" \/>\n<meta name=\"twitter:card\" content=\"summary_large_image\" \/>\n<meta name=\"twitter:label1\" content=\"Estimated reading time\" \/>\n\t<meta name=\"twitter:data1\" content=\"1 minute\" \/>\n<script type=\"application\/ld+json\" class=\"yoast-schema-graph\">{\"@context\":\"https:\/\/schema.org\",\"@graph\":[{\"@type\":\"WebPage\",\"@id\":\"https:\/\/paciea.de\/product\/damen-brille\/\",\"url\":\"https:\/\/paciea.de\/product\/damen-brille\/\",\"name\":\"Damen Brille - paciea\",\"isPartOf\":{\"@id\":\"https:\/\/paciea.de\/#website\"},\"primaryImageOfPage\":{\"@id\":\"https:\/\/paciea.de\/product\/damen-brille\/#primaryimage\"},\"image\":{\"@id\":\"https:\/\/paciea.de\/product\/damen-brille\/#primaryimage\"},\"thumbnailUrl\":\"https:\/\/paciea.de\/wp-content\/uploads\/2025\/09\/10.jpg\",\"datePublished\":\"2025-09-03T02:38:00+00:00\",\"dateModified\":\"2025-09-03T02:55:41+00:00\",\"breadcrumb\":{\"@id\":\"https:\/\/paciea.de\/product\/damen-brille\/#breadcrumb\"},\"inLanguage\":\"en-GB\",\"potentialAction\":[{\"@type\":\"ReadAction\",\"target\":[\"https:\/\/paciea.de\/product\/damen-brille\/\"]}]},{\"@type\":\"ImageObject\",\"inLanguage\":\"en-GB\",\"@id\":\"https:\/\/paciea.de\/product\/damen-brille\/#primaryimage\",\"url\":\"https:\/\/paciea.de\/wp-content\/uploads\/2025\/09\/10.jpg\",\"contentUrl\":\"https:\/\/paciea.de\/wp-content\/uploads\/2025\/09\/10.jpg\",\"width\":1000,\"height\":1000},{\"@type\":\"BreadcrumbList\",\"@id\":\"https:\/\/paciea.de\/product\/damen-brille\/#breadcrumb\",\"itemListElement\":[{\"@type\":\"ListItem\",\"position\":1,\"name\":\"Home\",\"item\":\"https:\/\/paciea.de\/\"},{\"@type\":\"ListItem\",\"position\":2,\"name\":\"Shop\",\"item\":\"https:\/\/paciea.de\/shop\/\"},{\"@type\":\"ListItem\",\"position\":3,\"name\":\"Damen Brille\"}]},{\"@type\":\"WebSite\",\"@id\":\"https:\/\/paciea.de\/#website\",\"url\":\"https:\/\/paciea.de\/\",\"name\":\"paciea\",\"description\":\"brillen lesebrillen Kinderbrillen Sonnenbrillen Fahrrabrillen\",\"publisher\":{\"@id\":\"https:\/\/paciea.de\/#organization\"},\"potentialAction\":[{\"@type\":\"SearchAction\",\"target\":{\"@type\":\"EntryPoint\",\"urlTemplate\":\"https:\/\/paciea.de\/?s={search_term_string}\"},\"query-input\":{\"@type\":\"PropertyValueSpecification\",\"valueRequired\":true,\"valueName\":\"search_term_string\"}}],\"inLanguage\":\"en-GB\"},{\"@type\":\"Organization\",\"@id\":\"https:\/\/paciea.de\/#organization\",\"name\":\"paciea\",\"url\":\"https:\/\/paciea.de\/\",\"logo\":{\"@type\":\"ImageObject\",\"inLanguage\":\"en-GB\",\"@id\":\"https:\/\/paciea.de\/#\/schema\/logo\/image\/\",\"url\":\"https:\/\/paciea.de\/wp-content\/uploads\/2025\/06\/Logo-1.png\",\"contentUrl\":\"https:\/\/paciea.de\/wp-content\/uploads\/2025\/06\/Logo-1.png\",\"width\":163,\"height\":39,\"caption\":\"paciea\"},\"image\":{\"@id\":\"https:\/\/paciea.de\/#\/schema\/logo\/image\/\"}}]}<\/script>\n<!-- \/ Yoast SEO plugin. -->","yoast_head_json":{"title":"Damen Brille - paciea","robots":{"index":"index","follow":"follow","max-snippet":"max-snippet:-1","max-image-preview":"max-image-preview:large","max-video-preview":"max-video-preview:-1"},"canonical":"https:\/\/paciea.de\/en\/product\/damen-brille\/","og_locale":"en_GB","og_type":"article","og_title":"Damen Brille - paciea","og_description":"Titan Brillen verformen sich nicht, rosten nicht, verursachen keine Hautallergien und sind relativ langlebig. Der Rahmen der Brille bestehen aus einem flexiblen und leichten Material, das bequem auf dem Gesicht","og_url":"https:\/\/paciea.de\/en\/product\/damen-brille\/","og_site_name":"paciea","article_modified_time":"2025-09-03T02:55:41+00:00","og_image":[{"width":1000,"height":1000,"url":"https:\/\/paciea.de\/wp-content\/uploads\/2025\/09\/10.jpg","type":"image\/jpeg"}],"twitter_card":"summary_large_image","twitter_misc":{"Estimated reading time":"1 minute"},"schema":{"@context":"https:\/\/schema.org","@graph":[{"@type":"WebPage","@id":"https:\/\/paciea.de\/product\/damen-brille\/","url":"https:\/\/paciea.de\/product\/damen-brille\/","name":"Damen Brille - paciea","isPartOf":{"@id":"https:\/\/paciea.de\/#website"},"primaryImageOfPage":{"@id":"https:\/\/paciea.de\/product\/damen-brille\/#primaryimage"},"image":{"@id":"https:\/\/paciea.de\/product\/damen-brille\/#primaryimage"},"thumbnailUrl":"https:\/\/paciea.de\/wp-content\/uploads\/2025\/09\/10.jpg","datePublished":"2025-09-03T02:38:00+00:00","dateModified":"2025-09-03T02:55:41+00:00","breadcrumb":{"@id":"https:\/\/paciea.de\/product\/damen-brille\/#breadcrumb"},"inLanguage":"en-GB","potentialAction":[{"@type":"ReadAction","target":["https:\/\/paciea.de\/product\/damen-brille\/"]}]},{"@type":"ImageObject","inLanguage":"en-GB","@id":"https:\/\/paciea.de\/product\/damen-brille\/#primaryimage","url":"https:\/\/paciea.de\/wp-content\/uploads\/2025\/09\/10.jpg","contentUrl":"https:\/\/paciea.de\/wp-content\/uploads\/2025\/09\/10.jpg","width":1000,"height":1000},{"@type":"BreadcrumbList","@id":"https:\/\/paciea.de\/product\/damen-brille\/#breadcrumb","itemListElement":[{"@type":"ListItem","position":1,"name":"Home","item":"https:\/\/paciea.de\/"},{"@type":"ListItem","position":2,"name":"Shop","item":"https:\/\/paciea.de\/shop\/"},{"@type":"ListItem","position":3,"name":"Damen Brille"}]},{"@type":"WebSite","@id":"https:\/\/paciea.de\/#website","url":"https:\/\/paciea.de\/","name":"paciea","description":"brillen lesebrillen Kinderbrillen Sonnenbrillen Fahrrabrillen","publisher":{"@id":"https:\/\/paciea.de\/#organization"},"potentialAction":[{"@type":"SearchAction","target":{"@type":"EntryPoint","urlTemplate":"https:\/\/paciea.de\/?s={search_term_string}"},"query-input":{"@type":"PropertyValueSpecification","valueRequired":true,"valueName":"search_term_string"}}],"inLanguage":"en-GB"},{"@type":"Organization","@id":"https:\/\/paciea.de\/#organization","name":"paciea","url":"https:\/\/paciea.de\/","logo":{"@type":"ImageObject","inLanguage":"en-GB","@id":"https:\/\/paciea.de\/#\/schema\/logo\/image\/","url":"https:\/\/paciea.de\/wp-content\/uploads\/2025\/06\/Logo-1.png","contentUrl":"https:\/\/paciea.de\/wp-content\/uploads\/2025\/06\/Logo-1.png","width":163,"height":39,"caption":"paciea"},"image":{"@id":"https:\/\/paciea.de\/#\/schema\/logo\/image\/"}}]}},"_links":{"self":[{"href":"https:\/\/paciea.de\/en\/wp-json\/wp\/v2\/product\/6897","targetHints":{"allow":["GET"]}}],"collection":[{"href":"https:\/\/paciea.de\/en\/wp-json\/wp\/v2\/product"}],"about":[{"href":"https:\/\/paciea.de\/en\/wp-json\/wp\/v2\/types\/product"}],"replies":[{"embeddable":true,"href":"https:\/\/paciea.de\/en\/wp-json\/wp\/v2\/comments?post=6897"}],"version-history":[{"count":1,"href":"https:\/\/paciea.de\/en\/wp-json\/wp\/v2\/product\/6897\/revisions"}],"predecessor-version":[{"id":6924,"href":"https:\/\/paciea.de\/en\/wp-json\/wp\/v2\/product\/6897\/revisions\/6924"}],"wp:featuredmedia":[{"embeddable":true,"href":"https:\/\/paciea.de\/en\/wp-json\/wp\/v2\/media\/6906"}],"wp:attachment":[{"href":"https:\/\/paciea.de\/en\/wp-json\/wp\/v2\/media?parent=6897"}],"wp:term":[{"taxonomy":"product_cat","embeddable":true,"href":"https:\/\/paciea.de\/en\/wp-json\/wp\/v2\/product_cat?post=6897"},{"taxonomy":"product_tag","embeddable":true,"href":"https:\/\/paciea.de\/en\/wp-json\/wp\/v2\/product_tag?post=6897"}],"curies":[{"name":"wp","href":"https:\/\/api.w.org\/{rel}","templated":true}]}}