{"id":4808,"date":"2025-08-07T07:07:25","date_gmt":"2025-08-07T07:07:25","guid":{"rendered":"https:\/\/paciea.de\/?post_type=product&#038;p=4808"},"modified":"2025-08-07T07:07:25","modified_gmt":"2025-08-07T07:07:25","slug":"lesebrille-cat-eye-blaulichtfilter-computer-klassisch-vollrand","status":"publish","type":"product","link":"https:\/\/paciea.de\/en\/product\/lesebrille-cat-eye-blaulichtfilter-computer-klassisch-vollrand\/","title":{"rendered":"Lesebrille Cat Eye Blaulichtfilter Computer Klassisch Vollrand"},"content":{"rendered":"<p><img fetchpriority=\"high\" decoding=\"async\" class=\"alignnone size-medium wp-image-4812\" src=\"https:\/\/paciea.de\/wp-content\/uploads\/2025\/08\/23-2-320x320.jpg\" alt=\"\" width=\"320\" height=\"320\" srcset=\"https:\/\/paciea.de\/wp-content\/uploads\/2025\/08\/23-2-320x320.jpg 320w, https:\/\/paciea.de\/wp-content\/uploads\/2025\/08\/23-2-640x640.jpg 640w, https:\/\/paciea.de\/wp-content\/uploads\/2025\/08\/23-2-150x150.jpg 150w, https:\/\/paciea.de\/wp-content\/uploads\/2025\/08\/23-2-768x768.jpg 768w, https:\/\/paciea.de\/wp-content\/uploads\/2025\/08\/23-2-12x12.jpg 12w, https:\/\/paciea.de\/wp-content\/uploads\/2025\/08\/23-2-500x500.jpg 500w, https:\/\/paciea.de\/wp-content\/uploads\/2025\/08\/23-2-800x800.jpg 800w, https:\/\/paciea.de\/wp-content\/uploads\/2025\/08\/23-2-600x600.jpg 600w, https:\/\/paciea.de\/wp-content\/uploads\/2025\/08\/23-2-96x96.jpg 96w, https:\/\/paciea.de\/wp-content\/uploads\/2025\/08\/23-2-40x40.jpg 40w, https:\/\/paciea.de\/wp-content\/uploads\/2025\/08\/23-2.jpg 1000w\" sizes=\"(max-width: 320px) 100vw, 320px\" \/><\/p>\n<p>Die Gl\u00e4ser sind aus bruchsicherem Material gefertigt, die Gl\u00e4ser haben eine bessere Lichtdurchl\u00e4ssigkeit und sind leichter und d\u00fcnner.<\/p>\n<p>Der Rahmen der Brille bestehen aus einem flexiblen und leichten Material, das bequem auf dem Gesicht sitzt und eine gute Passform gew\u00e4hrleistet.<\/p>","protected":false},"excerpt":{"rendered":"<p>Die Gl\u00e4ser sind aus bruchsicherem Material gefertigt, die Gl\u00e4ser haben eine bessere Lichtdurchl\u00e4ssigkeit und sind leichter und d\u00fcnner. Der Rahmen der Brille bestehen aus einem flexiblen und leichten Material, das<\/p>","protected":false},"featured_media":4810,"comment_status":"open","ping_status":"closed","template":"","meta":[],"product_cat":[264,215,212,259,231,216,228,232,270,135,253,267,229,202,230,261,217,258,203],"product_tag":[],"class_list":{"0":"post-4808","1":"product","2":"type-product","3":"status-publish","4":"has-post-thumbnail","6":"product_cat-andere-kategorien-sales","7":"product_cat-breit","8":"product_cat-brillenbreiten","9":"product_cat-damen","10":"product_cat-eckig","11":"product_cat-form","12":"product_cat-gesichtform","13":"product_cat-herzfoermig","14":"product_cat-lesebrillen-neuheiten","15":"product_cat-lesebrillen","16":"product_cat-material","17":"product_cat-neuheiten","18":"product_cat-oval-gesichtform","19":"product_cat-ramentyp","20":"product_cat-rund-gesichtform","21":"product_cat-sales","22":"product_cat-schmetterling-cat-eye","23":"product_cat-tr90","24":"product_cat-vollrand-ramentyp","26":"first","27":"instock","28":"sale","29":"shipping-taxable","30":"purchasable","31":"product-type-variable"},"yoast_head":"<!-- This site is optimized with the Yoast SEO plugin v25.4 - https:\/\/yoast.com\/wordpress\/plugins\/seo\/ -->\n<title>Lesebrille Cat Eye Blaulichtfilter Computer Klassisch Vollrand - paciea<\/title>\n<meta name=\"robots\" content=\"index, follow, max-snippet:-1, max-image-preview:large, max-video-preview:-1\" \/>\n<link rel=\"canonical\" href=\"https:\/\/paciea.de\/en\/product\/lesebrille-cat-eye-blaulichtfilter-computer-klassisch-vollrand\/\" \/>\n<meta property=\"og:locale\" content=\"en_GB\" \/>\n<meta property=\"og:type\" content=\"article\" \/>\n<meta property=\"og:title\" content=\"Lesebrille Cat Eye Blaulichtfilter Computer Klassisch Vollrand - paciea\" \/>\n<meta property=\"og:description\" content=\"Die Gl\u00e4ser sind aus bruchsicherem Material gefertigt, die Gl\u00e4ser haben eine bessere Lichtdurchl\u00e4ssigkeit und sind leichter und d\u00fcnner. Der Rahmen der Brille bestehen aus einem flexiblen und leichten Material, das\" \/>\n<meta property=\"og:url\" content=\"https:\/\/paciea.de\/en\/product\/lesebrille-cat-eye-blaulichtfilter-computer-klassisch-vollrand\/\" \/>\n<meta property=\"og:site_name\" content=\"paciea\" \/>\n<meta property=\"og:image\" content=\"https:\/\/paciea.de\/wp-content\/uploads\/2025\/08\/21-2.jpg\" \/>\n\t<meta property=\"og:image:width\" content=\"1000\" \/>\n\t<meta property=\"og:image:height\" content=\"1000\" \/>\n\t<meta property=\"og:image:type\" content=\"image\/jpeg\" \/>\n<meta name=\"twitter:card\" content=\"summary_large_image\" \/>\n<meta name=\"twitter:label1\" content=\"Estimated reading time\" \/>\n\t<meta name=\"twitter:data1\" content=\"1 minute\" \/>\n<script type=\"application\/ld+json\" class=\"yoast-schema-graph\">{\"@context\":\"https:\/\/schema.org\",\"@graph\":[{\"@type\":\"WebPage\",\"@id\":\"https:\/\/paciea.de\/product\/lesebrille-cat-eye-blaulichtfilter-computer-klassisch-vollrand\/\",\"url\":\"https:\/\/paciea.de\/product\/lesebrille-cat-eye-blaulichtfilter-computer-klassisch-vollrand\/\",\"name\":\"Lesebrille Cat Eye Blaulichtfilter Computer Klassisch Vollrand - paciea\",\"isPartOf\":{\"@id\":\"https:\/\/paciea.de\/#website\"},\"primaryImageOfPage\":{\"@id\":\"https:\/\/paciea.de\/product\/lesebrille-cat-eye-blaulichtfilter-computer-klassisch-vollrand\/#primaryimage\"},\"image\":{\"@id\":\"https:\/\/paciea.de\/product\/lesebrille-cat-eye-blaulichtfilter-computer-klassisch-vollrand\/#primaryimage\"},\"thumbnailUrl\":\"https:\/\/paciea.de\/wp-content\/uploads\/2025\/08\/21-2.jpg\",\"datePublished\":\"2025-08-07T07:07:25+00:00\",\"breadcrumb\":{\"@id\":\"https:\/\/paciea.de\/product\/lesebrille-cat-eye-blaulichtfilter-computer-klassisch-vollrand\/#breadcrumb\"},\"inLanguage\":\"en-GB\",\"potentialAction\":[{\"@type\":\"ReadAction\",\"target\":[\"https:\/\/paciea.de\/product\/lesebrille-cat-eye-blaulichtfilter-computer-klassisch-vollrand\/\"]}]},{\"@type\":\"ImageObject\",\"inLanguage\":\"en-GB\",\"@id\":\"https:\/\/paciea.de\/product\/lesebrille-cat-eye-blaulichtfilter-computer-klassisch-vollrand\/#primaryimage\",\"url\":\"https:\/\/paciea.de\/wp-content\/uploads\/2025\/08\/21-2.jpg\",\"contentUrl\":\"https:\/\/paciea.de\/wp-content\/uploads\/2025\/08\/21-2.jpg\",\"width\":1000,\"height\":1000},{\"@type\":\"BreadcrumbList\",\"@id\":\"https:\/\/paciea.de\/product\/lesebrille-cat-eye-blaulichtfilter-computer-klassisch-vollrand\/#breadcrumb\",\"itemListElement\":[{\"@type\":\"ListItem\",\"position\":1,\"name\":\"Home\",\"item\":\"https:\/\/paciea.de\/\"},{\"@type\":\"ListItem\",\"position\":2,\"name\":\"Shop\",\"item\":\"https:\/\/paciea.de\/shop\/\"},{\"@type\":\"ListItem\",\"position\":3,\"name\":\"Lesebrille Cat Eye Blaulichtfilter Computer Klassisch Vollrand\"}]},{\"@type\":\"WebSite\",\"@id\":\"https:\/\/paciea.de\/#website\",\"url\":\"https:\/\/paciea.de\/\",\"name\":\"paciea\",\"description\":\"brillen lesebrillen Kinderbrillen Sonnenbrillen Fahrrabrillen\",\"publisher\":{\"@id\":\"https:\/\/paciea.de\/#organization\"},\"potentialAction\":[{\"@type\":\"SearchAction\",\"target\":{\"@type\":\"EntryPoint\",\"urlTemplate\":\"https:\/\/paciea.de\/?s={search_term_string}\"},\"query-input\":{\"@type\":\"PropertyValueSpecification\",\"valueRequired\":true,\"valueName\":\"search_term_string\"}}],\"inLanguage\":\"en-GB\"},{\"@type\":\"Organization\",\"@id\":\"https:\/\/paciea.de\/#organization\",\"name\":\"paciea\",\"url\":\"https:\/\/paciea.de\/\",\"logo\":{\"@type\":\"ImageObject\",\"inLanguage\":\"en-GB\",\"@id\":\"https:\/\/paciea.de\/#\/schema\/logo\/image\/\",\"url\":\"https:\/\/paciea.de\/wp-content\/uploads\/2025\/06\/Logo-1.png\",\"contentUrl\":\"https:\/\/paciea.de\/wp-content\/uploads\/2025\/06\/Logo-1.png\",\"width\":163,\"height\":39,\"caption\":\"paciea\"},\"image\":{\"@id\":\"https:\/\/paciea.de\/#\/schema\/logo\/image\/\"}}]}<\/script>\n<!-- \/ Yoast SEO plugin. -->","yoast_head_json":{"title":"Lesebrille Cat Eye Blaulichtfilter Computer Klassisch Vollrand - paciea","robots":{"index":"index","follow":"follow","max-snippet":"max-snippet:-1","max-image-preview":"max-image-preview:large","max-video-preview":"max-video-preview:-1"},"canonical":"https:\/\/paciea.de\/en\/product\/lesebrille-cat-eye-blaulichtfilter-computer-klassisch-vollrand\/","og_locale":"en_GB","og_type":"article","og_title":"Lesebrille Cat Eye Blaulichtfilter Computer Klassisch Vollrand - paciea","og_description":"Die Gl\u00e4ser sind aus bruchsicherem Material gefertigt, die Gl\u00e4ser haben eine bessere Lichtdurchl\u00e4ssigkeit und sind leichter und d\u00fcnner. Der Rahmen der Brille bestehen aus einem flexiblen und leichten Material, das","og_url":"https:\/\/paciea.de\/en\/product\/lesebrille-cat-eye-blaulichtfilter-computer-klassisch-vollrand\/","og_site_name":"paciea","og_image":[{"width":1000,"height":1000,"url":"https:\/\/paciea.de\/wp-content\/uploads\/2025\/08\/21-2.jpg","type":"image\/jpeg"}],"twitter_card":"summary_large_image","twitter_misc":{"Estimated reading time":"1 minute"},"schema":{"@context":"https:\/\/schema.org","@graph":[{"@type":"WebPage","@id":"https:\/\/paciea.de\/product\/lesebrille-cat-eye-blaulichtfilter-computer-klassisch-vollrand\/","url":"https:\/\/paciea.de\/product\/lesebrille-cat-eye-blaulichtfilter-computer-klassisch-vollrand\/","name":"Lesebrille Cat Eye Blaulichtfilter Computer Klassisch Vollrand - paciea","isPartOf":{"@id":"https:\/\/paciea.de\/#website"},"primaryImageOfPage":{"@id":"https:\/\/paciea.de\/product\/lesebrille-cat-eye-blaulichtfilter-computer-klassisch-vollrand\/#primaryimage"},"image":{"@id":"https:\/\/paciea.de\/product\/lesebrille-cat-eye-blaulichtfilter-computer-klassisch-vollrand\/#primaryimage"},"thumbnailUrl":"https:\/\/paciea.de\/wp-content\/uploads\/2025\/08\/21-2.jpg","datePublished":"2025-08-07T07:07:25+00:00","breadcrumb":{"@id":"https:\/\/paciea.de\/product\/lesebrille-cat-eye-blaulichtfilter-computer-klassisch-vollrand\/#breadcrumb"},"inLanguage":"en-GB","potentialAction":[{"@type":"ReadAction","target":["https:\/\/paciea.de\/product\/lesebrille-cat-eye-blaulichtfilter-computer-klassisch-vollrand\/"]}]},{"@type":"ImageObject","inLanguage":"en-GB","@id":"https:\/\/paciea.de\/product\/lesebrille-cat-eye-blaulichtfilter-computer-klassisch-vollrand\/#primaryimage","url":"https:\/\/paciea.de\/wp-content\/uploads\/2025\/08\/21-2.jpg","contentUrl":"https:\/\/paciea.de\/wp-content\/uploads\/2025\/08\/21-2.jpg","width":1000,"height":1000},{"@type":"BreadcrumbList","@id":"https:\/\/paciea.de\/product\/lesebrille-cat-eye-blaulichtfilter-computer-klassisch-vollrand\/#breadcrumb","itemListElement":[{"@type":"ListItem","position":1,"name":"Home","item":"https:\/\/paciea.de\/"},{"@type":"ListItem","position":2,"name":"Shop","item":"https:\/\/paciea.de\/shop\/"},{"@type":"ListItem","position":3,"name":"Lesebrille Cat Eye Blaulichtfilter Computer Klassisch Vollrand"}]},{"@type":"WebSite","@id":"https:\/\/paciea.de\/#website","url":"https:\/\/paciea.de\/","name":"paciea","description":"brillen lesebrillen Kinderbrillen Sonnenbrillen Fahrrabrillen","publisher":{"@id":"https:\/\/paciea.de\/#organization"},"potentialAction":[{"@type":"SearchAction","target":{"@type":"EntryPoint","urlTemplate":"https:\/\/paciea.de\/?s={search_term_string}"},"query-input":{"@type":"PropertyValueSpecification","valueRequired":true,"valueName":"search_term_string"}}],"inLanguage":"en-GB"},{"@type":"Organization","@id":"https:\/\/paciea.de\/#organization","name":"paciea","url":"https:\/\/paciea.de\/","logo":{"@type":"ImageObject","inLanguage":"en-GB","@id":"https:\/\/paciea.de\/#\/schema\/logo\/image\/","url":"https:\/\/paciea.de\/wp-content\/uploads\/2025\/06\/Logo-1.png","contentUrl":"https:\/\/paciea.de\/wp-content\/uploads\/2025\/06\/Logo-1.png","width":163,"height":39,"caption":"paciea"},"image":{"@id":"https:\/\/paciea.de\/#\/schema\/logo\/image\/"}}]}},"_links":{"self":[{"href":"https:\/\/paciea.de\/en\/wp-json\/wp\/v2\/product\/4808","targetHints":{"allow":["GET"]}}],"collection":[{"href":"https:\/\/paciea.de\/en\/wp-json\/wp\/v2\/product"}],"about":[{"href":"https:\/\/paciea.de\/en\/wp-json\/wp\/v2\/types\/product"}],"replies":[{"embeddable":true,"href":"https:\/\/paciea.de\/en\/wp-json\/wp\/v2\/comments?post=4808"}],"version-history":[{"count":1,"href":"https:\/\/paciea.de\/en\/wp-json\/wp\/v2\/product\/4808\/revisions"}],"predecessor-version":[{"id":4858,"href":"https:\/\/paciea.de\/en\/wp-json\/wp\/v2\/product\/4808\/revisions\/4858"}],"wp:featuredmedia":[{"embeddable":true,"href":"https:\/\/paciea.de\/en\/wp-json\/wp\/v2\/media\/4810"}],"wp:attachment":[{"href":"https:\/\/paciea.de\/en\/wp-json\/wp\/v2\/media?parent=4808"}],"wp:term":[{"taxonomy":"product_cat","embeddable":true,"href":"https:\/\/paciea.de\/en\/wp-json\/wp\/v2\/product_cat?post=4808"},{"taxonomy":"product_tag","embeddable":true,"href":"https:\/\/paciea.de\/en\/wp-json\/wp\/v2\/product_tag?post=4808"}],"curies":[{"name":"wp","href":"https:\/\/api.w.org\/{rel}","templated":true}]}}