{"id":3966,"date":"2025-07-24T05:51:27","date_gmt":"2025-07-24T05:51:27","guid":{"rendered":"https:\/\/paciea.de\/?post_type=product&#038;p=3966"},"modified":"2025-08-19T07:59:41","modified_gmt":"2025-08-19T07:59:41","slug":"polarisierte-outdoor-sport-uv-schutz-herren","status":"publish","type":"product","link":"https:\/\/paciea.de\/en\/product\/polarisierte-outdoor-sport-uv-schutz-herren\/","title":{"rendered":"Sonnenbrille Polarisierte Outdoor-Sport UV Schutz"},"content":{"rendered":"<p><img fetchpriority=\"high\" decoding=\"async\" class=\"alignnone size-medium wp-image-3974\" src=\"https:\/\/paciea.de\/wp-content\/uploads\/2025\/07\/8-7-320x320.jpg\" alt=\"\" width=\"320\" height=\"320\" srcset=\"https:\/\/paciea.de\/wp-content\/uploads\/2025\/07\/8-7-320x320.jpg 320w, https:\/\/paciea.de\/wp-content\/uploads\/2025\/07\/8-7-640x640.jpg 640w, https:\/\/paciea.de\/wp-content\/uploads\/2025\/07\/8-7-150x150.jpg 150w, https:\/\/paciea.de\/wp-content\/uploads\/2025\/07\/8-7-768x768.jpg 768w, https:\/\/paciea.de\/wp-content\/uploads\/2025\/07\/8-7-12x12.jpg 12w, https:\/\/paciea.de\/wp-content\/uploads\/2025\/07\/8-7-500x500.jpg 500w, https:\/\/paciea.de\/wp-content\/uploads\/2025\/07\/8-7-800x800.jpg 800w, https:\/\/paciea.de\/wp-content\/uploads\/2025\/07\/8-7-600x600.jpg 600w, https:\/\/paciea.de\/wp-content\/uploads\/2025\/07\/8-7-96x96.jpg 96w, https:\/\/paciea.de\/wp-content\/uploads\/2025\/07\/8-7-40x40.jpg 40w, https:\/\/paciea.de\/wp-content\/uploads\/2025\/07\/8-7.jpg 1000w\" sizes=\"(max-width: 320px) 100vw, 320px\" \/><\/p>\n<p>Eine UV-sch\u00fctzende Brille sch\u00fctzen die Augen des Tr\u00e4gers vor sch\u00e4dlichen ultravioletten Strahlen (UV-Strahlen) der Sonne.<\/p>\n<p>Die polarisierten Gl\u00e4ser reduzieren die Blendungen und verbessern das Seherlebnis.<\/p>\n<p>Die Gl\u00e4ser sind aus bruchsicherem TAC gefertigt, das widerstandsf\u00e4hig gegen St\u00f6\u00dfe und Kratzer ist. Es ist sehr leicht und d\u00fcnn.<\/p>\n<p>Metallrahmen, robust und langlebig.<\/p>","protected":false},"excerpt":{"rendered":"<p>Eine UV-sch\u00fctzende Brille sch\u00fctzen die Augen des Tr\u00e4gers vor sch\u00e4dlichen ultravioletten Strahlen (UV-Strahlen) der Sonne. Die polarisierten Gl\u00e4ser reduzieren die Blendungen und verbessern das Seherlebnis. Die Gl\u00e4ser sind aus bruchsicherem<\/p>","protected":false},"featured_media":3970,"comment_status":"open","ping_status":"closed","template":"","meta":[],"product_cat":[212,231,207,216,228,232,272,253,255,267,229,220,202,230,261,225,213,136,134,203],"product_tag":[],"class_list":{"0":"post-3966","1":"product","2":"type-product","3":"status-publish","4":"has-post-thumbnail","6":"product_cat-brillenbreiten","7":"product_cat-eckig","8":"product_cat-fahrrabrillen","9":"product_cat-form","10":"product_cat-gesichtform","11":"product_cat-herzfoermig","12":"product_cat-home-kategorien","13":"product_cat-material","14":"product_cat-metall","15":"product_cat-neuheiten","16":"product_cat-oval-gesichtform","17":"product_cat-quadratisch","18":"product_cat-ramentyp","19":"product_cat-rund-gesichtform","20":"product_cat-sales","21":"product_cat-schmal-form","22":"product_cat-schmal","23":"product_cat-home-kategorien-sonnenbrillen","24":"product_cat-home-kategorien-sportbrillen","25":"product_cat-vollrand-ramentyp","27":"first","28":"instock","29":"sale","30":"shipping-taxable","31":"purchasable","32":"product-type-variable"},"yoast_head":"<!-- This site is optimized with the Yoast SEO plugin v25.4 - https:\/\/yoast.com\/wordpress\/plugins\/seo\/ -->\n<title>Sonnenbrille Polarisierte Outdoor-Sport UV Schutz - paciea<\/title>\n<meta name=\"robots\" content=\"index, follow, max-snippet:-1, max-image-preview:large, max-video-preview:-1\" \/>\n<link rel=\"canonical\" href=\"https:\/\/paciea.de\/en\/product\/polarisierte-outdoor-sport-uv-schutz-herren\/\" \/>\n<meta property=\"og:locale\" content=\"en_GB\" \/>\n<meta property=\"og:type\" content=\"article\" \/>\n<meta property=\"og:title\" content=\"Sonnenbrille Polarisierte Outdoor-Sport UV Schutz - paciea\" \/>\n<meta property=\"og:description\" content=\"Eine UV-sch\u00fctzende Brille sch\u00fctzen die Augen des Tr\u00e4gers vor sch\u00e4dlichen ultravioletten Strahlen (UV-Strahlen) der Sonne. Die polarisierten Gl\u00e4ser reduzieren die Blendungen und verbessern das Seherlebnis. Die Gl\u00e4ser sind aus bruchsicherem\" \/>\n<meta property=\"og:url\" content=\"https:\/\/paciea.de\/en\/product\/polarisierte-outdoor-sport-uv-schutz-herren\/\" \/>\n<meta property=\"og:site_name\" content=\"paciea\" \/>\n<meta property=\"article:modified_time\" content=\"2025-08-19T07:59:41+00:00\" \/>\n<meta property=\"og:image\" content=\"https:\/\/paciea.de\/wp-content\/uploads\/2025\/07\/4-11.jpg\" \/>\n\t<meta property=\"og:image:width\" content=\"1000\" \/>\n\t<meta property=\"og:image:height\" content=\"1000\" \/>\n\t<meta property=\"og:image:type\" content=\"image\/jpeg\" \/>\n<meta name=\"twitter:card\" content=\"summary_large_image\" \/>\n<meta name=\"twitter:label1\" content=\"Estimated reading time\" \/>\n\t<meta name=\"twitter:data1\" content=\"1 minute\" \/>\n<script type=\"application\/ld+json\" class=\"yoast-schema-graph\">{\"@context\":\"https:\/\/schema.org\",\"@graph\":[{\"@type\":\"WebPage\",\"@id\":\"https:\/\/paciea.de\/product\/polarisierte-outdoor-sport-uv-schutz-herren\/\",\"url\":\"https:\/\/paciea.de\/product\/polarisierte-outdoor-sport-uv-schutz-herren\/\",\"name\":\"Sonnenbrille Polarisierte Outdoor-Sport UV Schutz - paciea\",\"isPartOf\":{\"@id\":\"https:\/\/paciea.de\/#website\"},\"primaryImageOfPage\":{\"@id\":\"https:\/\/paciea.de\/product\/polarisierte-outdoor-sport-uv-schutz-herren\/#primaryimage\"},\"image\":{\"@id\":\"https:\/\/paciea.de\/product\/polarisierte-outdoor-sport-uv-schutz-herren\/#primaryimage\"},\"thumbnailUrl\":\"https:\/\/paciea.de\/wp-content\/uploads\/2025\/07\/4-11.jpg\",\"datePublished\":\"2025-07-24T05:51:27+00:00\",\"dateModified\":\"2025-08-19T07:59:41+00:00\",\"breadcrumb\":{\"@id\":\"https:\/\/paciea.de\/product\/polarisierte-outdoor-sport-uv-schutz-herren\/#breadcrumb\"},\"inLanguage\":\"en-GB\",\"potentialAction\":[{\"@type\":\"ReadAction\",\"target\":[\"https:\/\/paciea.de\/product\/polarisierte-outdoor-sport-uv-schutz-herren\/\"]}]},{\"@type\":\"ImageObject\",\"inLanguage\":\"en-GB\",\"@id\":\"https:\/\/paciea.de\/product\/polarisierte-outdoor-sport-uv-schutz-herren\/#primaryimage\",\"url\":\"https:\/\/paciea.de\/wp-content\/uploads\/2025\/07\/4-11.jpg\",\"contentUrl\":\"https:\/\/paciea.de\/wp-content\/uploads\/2025\/07\/4-11.jpg\",\"width\":1000,\"height\":1000},{\"@type\":\"BreadcrumbList\",\"@id\":\"https:\/\/paciea.de\/product\/polarisierte-outdoor-sport-uv-schutz-herren\/#breadcrumb\",\"itemListElement\":[{\"@type\":\"ListItem\",\"position\":1,\"name\":\"Home\",\"item\":\"https:\/\/paciea.de\/\"},{\"@type\":\"ListItem\",\"position\":2,\"name\":\"Shop\",\"item\":\"https:\/\/paciea.de\/shop\/\"},{\"@type\":\"ListItem\",\"position\":3,\"name\":\"Sonnenbrille Polarisierte Outdoor-Sport UV Schutz\"}]},{\"@type\":\"WebSite\",\"@id\":\"https:\/\/paciea.de\/#website\",\"url\":\"https:\/\/paciea.de\/\",\"name\":\"paciea\",\"description\":\"brillen lesebrillen Kinderbrillen Sonnenbrillen Fahrrabrillen\",\"publisher\":{\"@id\":\"https:\/\/paciea.de\/#organization\"},\"potentialAction\":[{\"@type\":\"SearchAction\",\"target\":{\"@type\":\"EntryPoint\",\"urlTemplate\":\"https:\/\/paciea.de\/?s={search_term_string}\"},\"query-input\":{\"@type\":\"PropertyValueSpecification\",\"valueRequired\":true,\"valueName\":\"search_term_string\"}}],\"inLanguage\":\"en-GB\"},{\"@type\":\"Organization\",\"@id\":\"https:\/\/paciea.de\/#organization\",\"name\":\"paciea\",\"url\":\"https:\/\/paciea.de\/\",\"logo\":{\"@type\":\"ImageObject\",\"inLanguage\":\"en-GB\",\"@id\":\"https:\/\/paciea.de\/#\/schema\/logo\/image\/\",\"url\":\"https:\/\/paciea.de\/wp-content\/uploads\/2025\/06\/Logo-1.png\",\"contentUrl\":\"https:\/\/paciea.de\/wp-content\/uploads\/2025\/06\/Logo-1.png\",\"width\":163,\"height\":39,\"caption\":\"paciea\"},\"image\":{\"@id\":\"https:\/\/paciea.de\/#\/schema\/logo\/image\/\"}}]}<\/script>\n<!-- \/ Yoast SEO plugin. -->","yoast_head_json":{"title":"Sonnenbrille Polarisierte Outdoor-Sport UV Schutz - paciea","robots":{"index":"index","follow":"follow","max-snippet":"max-snippet:-1","max-image-preview":"max-image-preview:large","max-video-preview":"max-video-preview:-1"},"canonical":"https:\/\/paciea.de\/en\/product\/polarisierte-outdoor-sport-uv-schutz-herren\/","og_locale":"en_GB","og_type":"article","og_title":"Sonnenbrille Polarisierte Outdoor-Sport UV Schutz - paciea","og_description":"Eine UV-sch\u00fctzende Brille sch\u00fctzen die Augen des Tr\u00e4gers vor sch\u00e4dlichen ultravioletten Strahlen (UV-Strahlen) der Sonne. Die polarisierten Gl\u00e4ser reduzieren die Blendungen und verbessern das Seherlebnis. Die Gl\u00e4ser sind aus bruchsicherem","og_url":"https:\/\/paciea.de\/en\/product\/polarisierte-outdoor-sport-uv-schutz-herren\/","og_site_name":"paciea","article_modified_time":"2025-08-19T07:59:41+00:00","og_image":[{"width":1000,"height":1000,"url":"https:\/\/paciea.de\/wp-content\/uploads\/2025\/07\/4-11.jpg","type":"image\/jpeg"}],"twitter_card":"summary_large_image","twitter_misc":{"Estimated reading time":"1 minute"},"schema":{"@context":"https:\/\/schema.org","@graph":[{"@type":"WebPage","@id":"https:\/\/paciea.de\/product\/polarisierte-outdoor-sport-uv-schutz-herren\/","url":"https:\/\/paciea.de\/product\/polarisierte-outdoor-sport-uv-schutz-herren\/","name":"Sonnenbrille Polarisierte Outdoor-Sport UV Schutz - paciea","isPartOf":{"@id":"https:\/\/paciea.de\/#website"},"primaryImageOfPage":{"@id":"https:\/\/paciea.de\/product\/polarisierte-outdoor-sport-uv-schutz-herren\/#primaryimage"},"image":{"@id":"https:\/\/paciea.de\/product\/polarisierte-outdoor-sport-uv-schutz-herren\/#primaryimage"},"thumbnailUrl":"https:\/\/paciea.de\/wp-content\/uploads\/2025\/07\/4-11.jpg","datePublished":"2025-07-24T05:51:27+00:00","dateModified":"2025-08-19T07:59:41+00:00","breadcrumb":{"@id":"https:\/\/paciea.de\/product\/polarisierte-outdoor-sport-uv-schutz-herren\/#breadcrumb"},"inLanguage":"en-GB","potentialAction":[{"@type":"ReadAction","target":["https:\/\/paciea.de\/product\/polarisierte-outdoor-sport-uv-schutz-herren\/"]}]},{"@type":"ImageObject","inLanguage":"en-GB","@id":"https:\/\/paciea.de\/product\/polarisierte-outdoor-sport-uv-schutz-herren\/#primaryimage","url":"https:\/\/paciea.de\/wp-content\/uploads\/2025\/07\/4-11.jpg","contentUrl":"https:\/\/paciea.de\/wp-content\/uploads\/2025\/07\/4-11.jpg","width":1000,"height":1000},{"@type":"BreadcrumbList","@id":"https:\/\/paciea.de\/product\/polarisierte-outdoor-sport-uv-schutz-herren\/#breadcrumb","itemListElement":[{"@type":"ListItem","position":1,"name":"Home","item":"https:\/\/paciea.de\/"},{"@type":"ListItem","position":2,"name":"Shop","item":"https:\/\/paciea.de\/shop\/"},{"@type":"ListItem","position":3,"name":"Sonnenbrille Polarisierte Outdoor-Sport UV Schutz"}]},{"@type":"WebSite","@id":"https:\/\/paciea.de\/#website","url":"https:\/\/paciea.de\/","name":"paciea","description":"brillen lesebrillen Kinderbrillen Sonnenbrillen Fahrrabrillen","publisher":{"@id":"https:\/\/paciea.de\/#organization"},"potentialAction":[{"@type":"SearchAction","target":{"@type":"EntryPoint","urlTemplate":"https:\/\/paciea.de\/?s={search_term_string}"},"query-input":{"@type":"PropertyValueSpecification","valueRequired":true,"valueName":"search_term_string"}}],"inLanguage":"en-GB"},{"@type":"Organization","@id":"https:\/\/paciea.de\/#organization","name":"paciea","url":"https:\/\/paciea.de\/","logo":{"@type":"ImageObject","inLanguage":"en-GB","@id":"https:\/\/paciea.de\/#\/schema\/logo\/image\/","url":"https:\/\/paciea.de\/wp-content\/uploads\/2025\/06\/Logo-1.png","contentUrl":"https:\/\/paciea.de\/wp-content\/uploads\/2025\/06\/Logo-1.png","width":163,"height":39,"caption":"paciea"},"image":{"@id":"https:\/\/paciea.de\/#\/schema\/logo\/image\/"}}]}},"_links":{"self":[{"href":"https:\/\/paciea.de\/en\/wp-json\/wp\/v2\/product\/3966","targetHints":{"allow":["GET"]}}],"collection":[{"href":"https:\/\/paciea.de\/en\/wp-json\/wp\/v2\/product"}],"about":[{"href":"https:\/\/paciea.de\/en\/wp-json\/wp\/v2\/types\/product"}],"replies":[{"embeddable":true,"href":"https:\/\/paciea.de\/en\/wp-json\/wp\/v2\/comments?post=3966"}],"version-history":[{"count":2,"href":"https:\/\/paciea.de\/en\/wp-json\/wp\/v2\/product\/3966\/revisions"}],"predecessor-version":[{"id":6460,"href":"https:\/\/paciea.de\/en\/wp-json\/wp\/v2\/product\/3966\/revisions\/6460"}],"wp:featuredmedia":[{"embeddable":true,"href":"https:\/\/paciea.de\/en\/wp-json\/wp\/v2\/media\/3970"}],"wp:attachment":[{"href":"https:\/\/paciea.de\/en\/wp-json\/wp\/v2\/media?parent=3966"}],"wp:term":[{"taxonomy":"product_cat","embeddable":true,"href":"https:\/\/paciea.de\/en\/wp-json\/wp\/v2\/product_cat?post=3966"},{"taxonomy":"product_tag","embeddable":true,"href":"https:\/\/paciea.de\/en\/wp-json\/wp\/v2\/product_tag?post=3966"}],"curies":[{"name":"wp","href":"https:\/\/api.w.org\/{rel}","templated":true}]}}